{"id":304,"date":"2023-11-14T00:47:49","date_gmt":"2023-11-13T23:47:49","guid":{"rendered":"https:\/\/demo.bramak.mx\/demo-novias2\/?post_type=product&#038;p=304"},"modified":"2023-11-14T00:47:54","modified_gmt":"2023-11-13T23:47:54","slug":"alexis","status":"publish","type":"product","link":"https:\/\/demo.bramak.mx\/demo-novias2\/producto\/alexis\/","title":{"rendered":"Alexis"},"content":{"rendered":"","protected":false},"excerpt":{"rendered":"<p>El vestido est\u00e1 adornado con encaje de alta calidad que agrega un toque de delicadeza y romance. El encaje se extiende por el corpi\u00f1o, las mangas y la espalda, creando un efecto et\u00e9reo.<\/p>\n","protected":false},"featured_media":93,"template":"","meta":{"inline_featured_image":false,"_uag_custom_page_level_css":""},"product_brand":[],"product_cat":[21],"product_tag":[],"class_list":{"0":"post-304","1":"product","2":"type-product","3":"status-publish","4":"has-post-thumbnail","6":"product_cat-corte-sirena","8":"first","9":"instock","10":"shipping-taxable","11":"purchasable","12":"product-type-variable"},"uagb_featured_image_src":{"full":["https:\/\/demo.bramak.mx\/demo-novias2\/wp-content\/uploads\/sites\/8\/2023\/11\/vestido-2-.webp",800,1133,false],"thumbnail":["https:\/\/demo.bramak.mx\/demo-novias2\/wp-content\/uploads\/sites\/8\/2023\/11\/vestido-2--150x150.webp",150,150,true],"medium":["https:\/\/demo.bramak.mx\/demo-novias2\/wp-content\/uploads\/sites\/8\/2023\/11\/vestido-2--212x300.webp",212,300,true],"medium_large":["https:\/\/demo.bramak.mx\/demo-novias2\/wp-content\/uploads\/sites\/8\/2023\/11\/vestido-2--768x1088.webp",768,1088,true],"large":["https:\/\/demo.bramak.mx\/demo-novias2\/wp-content\/uploads\/sites\/8\/2023\/11\/vestido-2--723x1024.webp",723,1024,true],"1536x1536":["https:\/\/demo.bramak.mx\/demo-novias2\/wp-content\/uploads\/sites\/8\/2023\/11\/vestido-2-.webp",800,1133,false],"2048x2048":["https:\/\/demo.bramak.mx\/demo-novias2\/wp-content\/uploads\/sites\/8\/2023\/11\/vestido-2-.webp",800,1133,false],"woocommerce_thumbnail":["https:\/\/demo.bramak.mx\/demo-novias2\/wp-content\/uploads\/sites\/8\/2023\/11\/vestido-2--300x300.webp",300,300,true],"woocommerce_single":["https:\/\/demo.bramak.mx\/demo-novias2\/wp-content\/uploads\/sites\/8\/2023\/11\/vestido-2--600x850.webp",600,850,true],"woocommerce_gallery_thumbnail":["https:\/\/demo.bramak.mx\/demo-novias2\/wp-content\/uploads\/sites\/8\/2023\/11\/vestido-2--100x100.webp",100,100,true],"variation_swatches_image_size":["https:\/\/demo.bramak.mx\/demo-novias2\/wp-content\/uploads\/sites\/8\/2023\/11\/vestido-2--50x50.webp",50,50,true],"variation_swatches_tooltip_size":["https:\/\/demo.bramak.mx\/demo-novias2\/wp-content\/uploads\/sites\/8\/2023\/11\/vestido-2--100x100.webp",100,100,true]},"uagb_author_info":{"display_name":"Bramak Studio","author_link":"https:\/\/demo.bramak.mx\/demo-novias2\/author\/"},"uagb_comment_info":0,"uagb_excerpt":"El vestido est\u00e1 adornado con encaje de alta calidad que agrega un toque de delicadeza y romance. El encaje se extiende por el corpi\u00f1o, las mangas y la espalda, creando un efecto et\u00e9reo.","_links":{"self":[{"href":"https:\/\/demo.bramak.mx\/demo-novias2\/wp-json\/wp\/v2\/product\/304","targetHints":{"allow":["GET"]}}],"collection":[{"href":"https:\/\/demo.bramak.mx\/demo-novias2\/wp-json\/wp\/v2\/product"}],"about":[{"href":"https:\/\/demo.bramak.mx\/demo-novias2\/wp-json\/wp\/v2\/types\/product"}],"wp:featuredmedia":[{"embeddable":true,"href":"https:\/\/demo.bramak.mx\/demo-novias2\/wp-json\/wp\/v2\/media\/93"}],"wp:attachment":[{"href":"https:\/\/demo.bramak.mx\/demo-novias2\/wp-json\/wp\/v2\/media?parent=304"}],"wp:term":[{"taxonomy":"product_brand","embeddable":true,"href":"https:\/\/demo.bramak.mx\/demo-novias2\/wp-json\/wp\/v2\/product_brand?post=304"},{"taxonomy":"product_cat","embeddable":true,"href":"https:\/\/demo.bramak.mx\/demo-novias2\/wp-json\/wp\/v2\/product_cat?post=304"},{"taxonomy":"product_tag","embeddable":true,"href":"https:\/\/demo.bramak.mx\/demo-novias2\/wp-json\/wp\/v2\/product_tag?post=304"}],"curies":[{"name":"wp","href":"https:\/\/api.w.org\/{rel}","templated":true}]}}