{"id":6,"date":"2023-11-01T22:17:20","date_gmt":"2023-11-01T21:17:20","guid":{"rendered":"https:\/\/demo.bramak.mx\/demo-elearning\/?page_id=6"},"modified":"2023-11-07T23:48:32","modified_gmt":"2023-11-07T22:48:32","slug":"inicio","status":"publish","type":"page","link":"https:\/\/demo.bramak.mx\/demo-elearning\/","title":{"rendered":"Inicio"},"content":{"rendered":"\n<div class=\"wp-block-uagb-container uagb-block-4eeca0ce alignfull uagb-is-root-container\"><div class=\"uagb-container-inner-blocks-wrap\">\n<div class=\"wp-block-uagb-container uagb-block-adf6ab8e\">\n<div class=\"wp-block-uagb-advanced-heading uagb-block-c238f4e9\"><h2 class=\"uagb-heading-text\">\u00a1Comienza tu viaje de <span style=\"color:#F58A42;\">Aprendizaje en l\u00ednea!<\/span><\/h2><p class=\"uagb-desc-text\">Descubre la experiencia educativa del futuro con nuestros cursos en l\u00ednea de primera clase.<\/p><\/div>\n\n\n\n<div class=\"wp-block-uagb-buttons uagb-buttons__outer-wrap uagb-btn__default-btn uagb-btn-tablet__default-btn uagb-btn-mobile__default-btn uagb-block-21c898d8\"><div class=\"uagb-buttons__wrap uagb-buttons-layout-wrap\">\n<div class=\"wp-block-uagb-buttons-child uagb-buttons__outer-wrap uagb-block-0138cdd7 wp-block-button\"><div class=\"uagb-button__wrapper\"><a class=\"uagb-buttons-repeater wp-block-button__link\" href=\"https:\/\/demo.bramak.mx\/demo-elearning\/register\/\" onclick=\"return true;\" rel=\"follow noopener\" target=\"_self\"><div class=\"uagb-button__link\">Registro<\/div><\/a><\/div><\/div>\n\n\n\n<div class=\"wp-block-uagb-buttons-child uagb-buttons__outer-wrap uagb-block-60df2b8f wp-block-button\"><div class=\"uagb-button__wrapper\"><a class=\"uagb-buttons-repeater wp-block-button__link\" href=\"https:\/\/demo.bramak.mx\/demo-elearning\/cursos\/\" onclick=\"return true;\" rel=\"follow noopener\" target=\"_self\"><div class=\"uagb-button__link\">Ver cursos<\/div><\/a><\/div><\/div>\n<\/div><\/div>\n<\/div>\n\n\n\n<div class=\"wp-block-uagb-container uagb-block-0170497c\">\n<div class=\"wp-block-uagb-image uagb-block-df66f550 wp-block-uagb-image--layout-default wp-block-uagb-image--effect-static wp-block-uagb-image--align-none\"><figure class=\"wp-block-uagb-image__figure\"><img decoding=\"async\" srcset=\"https:\/\/demo.bramak.mx\/demo-elearning\/wp-content\/uploads\/sites\/7\/2023\/11\/Header_banner.webp ,https:\/\/demo.bramak.mx\/demo-elearning\/wp-content\/uploads\/sites\/7\/2023\/11\/Header_banner.webp 780w, https:\/\/demo.bramak.mx\/demo-elearning\/wp-content\/uploads\/sites\/7\/2023\/11\/Header_banner.webp 360w\" sizes=\"auto, (max-width: 480px) 150px\" src=\"https:\/\/demo.bramak.mx\/demo-elearning\/wp-content\/uploads\/sites\/7\/2023\/11\/Header_banner.webp\" alt=\"\" class=\"uag-image-54\" width=\"678\" height=\"613\" title=\"\" loading=\"lazy\"\/><\/figure><\/div>\n<\/div>\n<\/div><\/div>\n\n\n\n<div class=\"wp-block-uagb-container uagb-block-9f844844 alignfull uagb-is-root-container\"><div class=\"uagb-container-inner-blocks-wrap\">\n<div class=\"wp-block-uagb-advanced-heading uagb-block-236294b7\"><h2 class=\"uagb-heading-text\">Encuentra tu \u00e1rea favorita<\/h2><p class=\"uagb-desc-text\">Encuentra tu curso ideal y comienza a aprender hoy mismo<\/p><\/div>\n\n\n\n<div class=\"wp-block-uagb-container uagb-block-ed72e420 alignfull uagb-is-root-container\"><div class=\"uagb-container-inner-blocks-wrap\">\n<div class=\"wp-block-uagb-container uagb-block-5c33c7ee\">\n<div class=\"wp-block-uagb-image aligncenter uagb-block-f79bc875 wp-block-uagb-image--layout-default wp-block-uagb-image--effect-static wp-block-uagb-image--align-center\"><figure class=\"wp-block-uagb-image__figure\"><img decoding=\"async\" srcset=\"https:\/\/demo.bramak.mx\/demo-elearning\/wp-content\/uploads\/sites\/7\/2023\/11\/animacion.png ,https:\/\/demo.bramak.mx\/demo-elearning\/wp-content\/uploads\/sites\/7\/2023\/11\/animacion.png 780w, https:\/\/demo.bramak.mx\/demo-elearning\/wp-content\/uploads\/sites\/7\/2023\/11\/animacion.png 360w\" sizes=\"auto, (max-width: 480px) 150px\" src=\"https:\/\/demo.bramak.mx\/demo-elearning\/wp-content\/uploads\/sites\/7\/2023\/11\/animacion.png\" alt=\"\" class=\"uag-image-77\" width=\"127\" height=\"126\" title=\"\" loading=\"lazy\"\/><\/figure><\/div>\n\n\n\n<div class=\"wp-block-uagb-buttons uagb-buttons__outer-wrap uagb-btn__default-btn uagb-btn-tablet__default-btn uagb-btn-mobile__default-btn uagb-block-c33277c7\"><div class=\"uagb-buttons__wrap uagb-buttons-layout-wrap\">\n<div class=\"wp-block-uagb-buttons-child uagb-buttons__outer-wrap uagb-block-d8342201 wp-block-button\"><div class=\"uagb-button__wrapper\"><a class=\"uagb-buttons-repeater wp-block-button__link\" href=\"https:\/\/demo.bramak.mx\/demo-elearning\/course-category\/animacion\/?tutor-course-filter-category=7\" onclick=\"return true;\" rel=\"follow noopener\" target=\"_self\"><div class=\"uagb-button__link\">Animaci\u00f3n<\/div><\/a><\/div><\/div>\n<\/div><\/div>\n<\/div>\n\n\n\n<div class=\"wp-block-uagb-container uagb-block-da8a761a\">\n<div class=\"wp-block-uagb-image aligncenter uagb-block-40e627a5 wp-block-uagb-image--layout-default wp-block-uagb-image--effect-static wp-block-uagb-image--align-center\"><figure class=\"wp-block-uagb-image__figure\"><img decoding=\"async\" srcset=\"https:\/\/demo.bramak.mx\/demo-elearning\/wp-content\/uploads\/sites\/7\/2023\/11\/edicion.png ,https:\/\/demo.bramak.mx\/demo-elearning\/wp-content\/uploads\/sites\/7\/2023\/11\/edicion.png 780w, https:\/\/demo.bramak.mx\/demo-elearning\/wp-content\/uploads\/sites\/7\/2023\/11\/edicion.png 360w\" sizes=\"auto, (max-width: 480px) 150px\" src=\"https:\/\/demo.bramak.mx\/demo-elearning\/wp-content\/uploads\/sites\/7\/2023\/11\/edicion.png\" alt=\"\" class=\"uag-image-80\" width=\"127\" height=\"126\" title=\"\" loading=\"lazy\"\/><\/figure><\/div>\n\n\n\n<div class=\"wp-block-uagb-buttons uagb-buttons__outer-wrap uagb-btn__default-btn uagb-btn-tablet__default-btn uagb-btn-mobile__default-btn uagb-block-0e57492c\"><div class=\"uagb-buttons__wrap uagb-buttons-layout-wrap\">\n<div class=\"wp-block-uagb-buttons-child uagb-buttons__outer-wrap uagb-block-0e0aa4fa wp-block-button\"><div class=\"uagb-button__wrapper\"><a class=\"uagb-buttons-repeater wp-block-button__link\" href=\"https:\/\/demo.bramak.mx\/demo-elearning\/course-category\/edicion-de-video\/?tutor-course-filter-category=6\" onclick=\"return true;\" rel=\"follow noopener\" target=\"_self\"><div class=\"uagb-button__link\">Edici\u00f3n<\/div><\/a><\/div><\/div>\n<\/div><\/div>\n<\/div>\n\n\n\n<div class=\"wp-block-uagb-container uagb-block-38861a6d\">\n<div class=\"wp-block-uagb-image aligncenter uagb-block-efc67d8c wp-block-uagb-image--layout-default wp-block-uagb-image--effect-static wp-block-uagb-image--align-center\"><figure class=\"wp-block-uagb-image__figure\"><img decoding=\"async\" srcset=\"https:\/\/demo.bramak.mx\/demo-elearning\/wp-content\/uploads\/sites\/7\/2023\/11\/disen\u0303o-web.png ,https:\/\/demo.bramak.mx\/demo-elearning\/wp-content\/uploads\/sites\/7\/2023\/11\/disen\u0303o-web.png 780w, https:\/\/demo.bramak.mx\/demo-elearning\/wp-content\/uploads\/sites\/7\/2023\/11\/disen\u0303o-web.png 360w\" sizes=\"auto, (max-width: 480px) 150px\" src=\"https:\/\/demo.bramak.mx\/demo-elearning\/wp-content\/uploads\/sites\/7\/2023\/11\/disen\u0303o-web.png\" alt=\"\" class=\"uag-image-105\" width=\"127\" height=\"126\" title=\"\" loading=\"lazy\"\/><\/figure><\/div>\n\n\n\n<div class=\"wp-block-uagb-buttons uagb-buttons__outer-wrap uagb-btn__default-btn uagb-btn-tablet__default-btn uagb-btn-mobile__default-btn uagb-block-cf1d64e8\"><div class=\"uagb-buttons__wrap uagb-buttons-layout-wrap\">\n<div class=\"wp-block-uagb-buttons-child uagb-buttons__outer-wrap uagb-block-eb902426 wp-block-button\"><div class=\"uagb-button__wrapper\"><a class=\"uagb-buttons-repeater wp-block-button__link\" href=\"https:\/\/demo.bramak.mx\/demo-elearning\/course-category\/diseno-web\/?tutor-course-filter-category=8\" onclick=\"return true;\" rel=\"follow noopener\" target=\"_self\"><div class=\"uagb-button__link\">Dise\u00f1o web<\/div><\/a><\/div><\/div>\n<\/div><\/div>\n<\/div>\n<\/div><\/div>\n<\/div><\/div>\n\n\n\n<div class=\"wp-block-uagb-container uagb-block-71001fe2 alignfull uagb-is-root-container\"><div class=\"uagb-container-inner-blocks-wrap\">\n<div class=\"wp-block-uagb-advanced-heading uagb-block-96d36b54\"><h2 class=\"uagb-heading-text\">\u00a1Encuentra el curso que buscas<\/h2><p class=\"uagb-desc-text\">\u00a1\u00danete a nosotros hoy mismo y comienza tu viaje de aprendizaje en l\u00ednea<\/p><\/div>\n\n\n<form role=\"search\" method=\"get\" action=\"https:\/\/demo.bramak.mx\/demo-elearning\/\" class=\"wp-block-search__button-inside wp-block-search__text-button aligncenter wp-block-search\"    ><label class=\"wp-block-search__label screen-reader-text\" for=\"wp-block-search__input-1\" >Buscar<\/label><div class=\"wp-block-search__inside-wrapper\"  style=\"width: 90%\"><input class=\"wp-block-search__input\" id=\"wp-block-search__input-1\" placeholder=\"Buscar cursos...\" value=\"\" type=\"search\" name=\"s\" required \/><button aria-label=\"Buscar\" class=\"wp-block-search__button wp-element-button\" type=\"submit\" >Buscar<\/button><\/div><\/form><\/div><\/div>\n\n\n\n<div class=\"wp-block-uagb-container uagb-block-cd76f753 alignfull uagb-is-root-container\"><div class=\"uagb-container-inner-blocks-wrap\">\n<div class=\"wp-block-uagb-container uagb-block-eb5b605f\">\n<div class=\"wp-block-uagb-advanced-heading uagb-block-b625932a\"><h2 class=\"uagb-heading-text\">\u00a1Aprende hoy!<\/h2><p class=\"uagb-desc-text\">Nuestros cursos te preparan para el \u00e9xito<\/p><\/div>\n\n\n\n<div class=\"wp-block-uagb-buttons uagb-buttons__outer-wrap uagb-btn__default-btn uagb-btn-tablet__default-btn uagb-btn-mobile__default-btn uagb-block-eee96fa3\"><div class=\"uagb-buttons__wrap uagb-buttons-layout-wrap\">\n<div class=\"wp-block-uagb-buttons-child uagb-buttons__outer-wrap uagb-block-f03c92cc wp-block-button\"><div class=\"uagb-button__wrapper\"><a class=\"uagb-buttons-repeater wp-block-button__link\" href=\"https:\/\/demo.bramak.mx\/demo-elearning\/register\/\" onclick=\"return true;\" rel=\"follow noopener\" target=\"_self\"><div class=\"uagb-button__link\">Registro<\/div><\/a><\/div><\/div>\n<\/div><\/div>\n<\/div>\n\n\n\n<div class=\"wp-block-uagb-container uagb-block-c1511299\">\n<div class=\"wp-block-uagb-image uagb-block-e4b6caf2 wp-block-uagb-image--layout-default wp-block-uagb-image--effect-static wp-block-uagb-image--align-none\"><figure class=\"wp-block-uagb-image__figure\"><img decoding=\"async\" srcset=\"https:\/\/demo.bramak.mx\/demo-elearning\/wp-content\/uploads\/sites\/7\/2023\/11\/Elearning_banner-2-1024x976.webp ,https:\/\/demo.bramak.mx\/demo-elearning\/wp-content\/uploads\/sites\/7\/2023\/11\/Elearning_banner-2.webp 780w, https:\/\/demo.bramak.mx\/demo-elearning\/wp-content\/uploads\/sites\/7\/2023\/11\/Elearning_banner-2.webp 360w\" sizes=\"auto, (max-width: 480px) 150px\" src=\"https:\/\/demo.bramak.mx\/demo-elearning\/wp-content\/uploads\/sites\/7\/2023\/11\/Elearning_banner-2-1024x976.webp\" alt=\"\" class=\"uag-image-92\" width=\"1024\" height=\"976\" title=\"\" loading=\"lazy\"\/><\/figure><\/div>\n<\/div>\n<\/div><\/div>\n\n\n\n<div class=\"wp-block-uagb-container uagb-block-73c74c40 default uagb-is-root-container\">\n<div class=\"wp-block-uagb-advanced-heading uagb-block-28311dbd\"><h2 class=\"uagb-heading-text\">Nuestros estudiantes online<\/h2><\/div>\n\n\n\n<div class=\"wp-block-uagb-container uagb-block-c5a01d33 alignfull uagb-is-root-container\"><div class=\"uagb-container-inner-blocks-wrap\">\n<div class=\"wp-block-uagb-container uagb-block-6ce852ce\">\n<div class=\"wp-block-uagb-counter uagb-block-0b65d950 wp-block-uagb-counter--number\"><span class=\"wp-block-uagb-counter__image-wrap\"><img decoding=\"async\" class=\"wp-block-uagb-counter__image\" src=\"https:\/\/demo.bramak.mx\/demo-elearning\/wp-content\/uploads\/sites\/7\/2023\/11\/academia.png\" alt=\"\" width=\"50\" height=\"63\" loading=\"lazy\"\/><\/span><div class=\"wp-block-uagb-counter__number\"><span class=\"uagb-counter-block-number\" data-duration=\"1.5\" data-to-value=\"80\" data-from-value=\"0\" data-delimiter=\",\"><\/span><span class=\"uagb-counter-block-suffix\">K<\/span><\/div><div class=\"wp-block-uagb-counter__title\"><\/div><\/div>\n<\/div>\n\n\n\n<div class=\"wp-block-uagb-container uagb-block-71908cdf\">\n<div class=\"wp-block-uagb-counter uagb-block-d5038181 wp-block-uagb-counter--number\"><span class=\"wp-block-uagb-counter__image-wrap\"><img decoding=\"async\" class=\"wp-block-uagb-counter__image\" src=\"https:\/\/demo.bramak.mx\/demo-elearning\/wp-content\/uploads\/sites\/7\/2023\/11\/graduados.png\" alt=\"\" width=\"50\" height=\"41\" loading=\"lazy\"\/><\/span><div class=\"wp-block-uagb-counter__number\"><span class=\"uagb-counter-block-number\" data-duration=\"1.5\" data-to-value=\"80\" data-from-value=\"0\" data-delimiter=\",\"><\/span><span class=\"uagb-counter-block-suffix\">K<\/span><\/div><div class=\"wp-block-uagb-counter__title\"><\/div><\/div>\n<\/div>\n\n\n\n<div class=\"wp-block-uagb-container uagb-block-b3556148\">\n<div class=\"wp-block-uagb-counter uagb-block-f1e76537 wp-block-uagb-counter--number\"><span class=\"wp-block-uagb-counter__image-wrap\"><img decoding=\"async\" class=\"wp-block-uagb-counter__image\" src=\"https:\/\/demo.bramak.mx\/demo-elearning\/wp-content\/uploads\/sites\/7\/2023\/11\/estrella1.png\" alt=\"\" width=\"50\" height=\"48\" loading=\"lazy\"\/><\/span><div class=\"wp-block-uagb-counter__number\"><span class=\"uagb-counter-block-number\" data-duration=\"1.5\" data-to-value=\"80\" data-from-value=\"0\" data-delimiter=\",\"><\/span><span class=\"uagb-counter-block-suffix\">K<\/span><\/div><div class=\"wp-block-uagb-counter__title\"><\/div><\/div>\n<\/div>\n<\/div><\/div>\n<\/div>\n\n\n\n<div class=\"wp-block-uagb-container uagb-block-dd41fd84 alignfull uagb-is-root-container\"><div class=\"uagb-container-inner-blocks-wrap\">\n<div class=\"wp-block-uagb-advanced-heading uagb-block-7f44bfbf\"><h2 class=\"uagb-heading-text\">Encuentra tu \u00e1rea favorita<\/h2><p class=\"uagb-desc-text\">Encuentra tu curso ideal y comienza a aprender hoy mismo<\/p><\/div>\n\n\n\n<div class=\"wp-block-query is-layout-flow wp-block-query-is-layout-flow\"><ul class=\"columns-3 course-loop wp-block-post-template is-layout-grid wp-container-core-post-template-is-layout-6d3fbd8f wp-block-post-template-is-layout-grid\"><li class=\"wp-block-post post-392 courses type-courses status-publish has-post-thumbnail hentry course-category-diseno-web\">\n\n<div class=\"wp-block-group has-background-background-color has-background has-global-padding is-layout-constrained wp-block-group-is-layout-constrained\"><figure style=\"padding-top:0;padding-bottom:0;margin-top:0;margin-bottom:0;\" class=\"wp-block-post-featured-image\"><a href=\"https:\/\/demo.bramak.mx\/demo-elearning\/courses\/new-course-2\/\" target=\"_self\"  ><img loading=\"lazy\" decoding=\"async\" width=\"1200\" height=\"848\" src=\"https:\/\/demo.bramak.mx\/demo-elearning\/wp-content\/uploads\/sites\/7\/2024\/06\/background.webp\" class=\"attachment-post-thumbnail size-post-thumbnail wp-post-image\" alt=\"Hoja de estilos CSS\" style=\"object-fit:cover;\" srcset=\"https:\/\/demo.bramak.mx\/demo-elearning\/wp-content\/uploads\/sites\/7\/2024\/06\/background.webp 1200w, https:\/\/demo.bramak.mx\/demo-elearning\/wp-content\/uploads\/sites\/7\/2024\/06\/background-300x212.webp 300w, https:\/\/demo.bramak.mx\/demo-elearning\/wp-content\/uploads\/sites\/7\/2024\/06\/background-1024x724.webp 1024w, https:\/\/demo.bramak.mx\/demo-elearning\/wp-content\/uploads\/sites\/7\/2024\/06\/background-768x543.webp 768w, https:\/\/demo.bramak.mx\/demo-elearning\/wp-content\/uploads\/sites\/7\/2024\/06\/background-600x424.webp 600w, https:\/\/demo.bramak.mx\/demo-elearning\/wp-content\/uploads\/sites\/7\/2024\/06\/background-64x45.webp 64w\" sizes=\"auto, (max-width: 1200px) 100vw, 1200px\" \/><\/a><\/figure>\n\n<h2 style=\"font-size:1rem;font-style:normal;font-weight:700;\" class=\"has-text-align-center has-link-color wp-elements-22fb9b106003a53504007a693e94f619 wp-block-post-title has-text-color has-heading-color\"><a href=\"https:\/\/demo.bramak.mx\/demo-elearning\/courses\/new-course-2\/\" target=\"_self\" >Hoja de estilos CSS<\/a><\/h2>\n\n<div style=\"font-size:0.9rem;\" class=\"has-text-align-center wp-block-post-excerpt has-text-color has-heading-color\"><p class=\"wp-block-post-excerpt__excerpt\">Vestibulum mollis justo eget est sagittis, vel ornare lorem commodo. Fusce sit amet scelerisque arcu. Nunc consectetur, turpis a viverra molestie, lorem nibh lacinia neque, vitae sodales ligula diam et libero. Phasellus suscipit tincidunt nisi, ut porttitor urna rutrum pellentesque. Morbi facilisis at ante in aliquam. Curabitur vulputate, metus eget mattis consectetur, metus justo placerat<\/p><p class=\"wp-block-post-excerpt__more-text\"><a class=\"wp-block-post-excerpt__more-link\" href=\"https:\/\/demo.bramak.mx\/demo-elearning\/courses\/new-course-2\/\">Empezar<\/a><\/p><\/div><\/div>\n\n<\/li><li class=\"wp-block-post post-154 courses type-courses status-publish has-post-thumbnail hentry course-category-animacion course-category-diseno-web\">\n\n<div class=\"wp-block-group has-background-background-color has-background has-global-padding is-layout-constrained wp-block-group-is-layout-constrained\"><figure style=\"padding-top:0;padding-bottom:0;margin-top:0;margin-bottom:0;\" class=\"wp-block-post-featured-image\"><a href=\"https:\/\/demo.bramak.mx\/demo-elearning\/courses\/desarrollo-web\/\" target=\"_self\"  ><img loading=\"lazy\" decoding=\"async\" width=\"799\" height=\"499\" src=\"https:\/\/demo.bramak.mx\/demo-elearning\/wp-content\/uploads\/sites\/7\/2023\/11\/web01-e1699046993428.webp\" class=\"attachment-post-thumbnail size-post-thumbnail wp-post-image\" alt=\"Desarrollo Web\" style=\"object-fit:cover;\" srcset=\"https:\/\/demo.bramak.mx\/demo-elearning\/wp-content\/uploads\/sites\/7\/2023\/11\/web01-e1699046993428.webp 799w, https:\/\/demo.bramak.mx\/demo-elearning\/wp-content\/uploads\/sites\/7\/2023\/11\/web01-e1699046993428-300x187.webp 300w, https:\/\/demo.bramak.mx\/demo-elearning\/wp-content\/uploads\/sites\/7\/2023\/11\/web01-e1699046993428-768x480.webp 768w\" sizes=\"auto, (max-width: 799px) 100vw, 799px\" \/><\/a><\/figure>\n\n<h2 style=\"font-size:1rem;font-style:normal;font-weight:700;\" class=\"has-text-align-center has-link-color wp-elements-22fb9b106003a53504007a693e94f619 wp-block-post-title has-text-color has-heading-color\"><a href=\"https:\/\/demo.bramak.mx\/demo-elearning\/courses\/desarrollo-web\/\" target=\"_self\" >Desarrollo Web<\/a><\/h2>\n\n<div style=\"font-size:0.9rem;\" class=\"has-text-align-center wp-block-post-excerpt has-text-color has-heading-color\"><p class=\"wp-block-post-excerpt__excerpt\">Lleva tu proyecto a otro nivel, y crea una p\u00e1gina web inovadora<\/p><p class=\"wp-block-post-excerpt__more-text\"><a class=\"wp-block-post-excerpt__more-link\" href=\"https:\/\/demo.bramak.mx\/demo-elearning\/courses\/desarrollo-web\/\">Empezar<\/a><\/p><\/div><\/div>\n\n<\/li><li class=\"wp-block-post post-146 courses type-courses status-publish has-post-thumbnail hentry course-category-animacion course-category-edicion-de-video\">\n\n<div class=\"wp-block-group has-background-background-color has-background has-global-padding is-layout-constrained wp-block-group-is-layout-constrained\"><figure style=\"padding-top:0;padding-bottom:0;margin-top:0;margin-bottom:0;\" class=\"wp-block-post-featured-image\"><a href=\"https:\/\/demo.bramak.mx\/demo-elearning\/courses\/motion-graphics-2\/\" target=\"_self\"  ><img loading=\"lazy\" decoding=\"async\" width=\"800\" height=\"500\" src=\"https:\/\/demo.bramak.mx\/demo-elearning\/wp-content\/uploads\/sites\/7\/2023\/11\/IMAGEN_WEB-e1699046918787.webp\" class=\"attachment-post-thumbnail size-post-thumbnail wp-post-image\" alt=\"Edici\u00f3n de video\" style=\"object-fit:cover;\" srcset=\"https:\/\/demo.bramak.mx\/demo-elearning\/wp-content\/uploads\/sites\/7\/2023\/11\/IMAGEN_WEB-e1699046918787.webp 800w, https:\/\/demo.bramak.mx\/demo-elearning\/wp-content\/uploads\/sites\/7\/2023\/11\/IMAGEN_WEB-e1699046918787-300x188.webp 300w, https:\/\/demo.bramak.mx\/demo-elearning\/wp-content\/uploads\/sites\/7\/2023\/11\/IMAGEN_WEB-e1699046918787-768x480.webp 768w\" sizes=\"auto, (max-width: 800px) 100vw, 800px\" \/><\/a><\/figure>\n\n<h2 style=\"font-size:1rem;font-style:normal;font-weight:700;\" class=\"has-text-align-center has-link-color wp-elements-22fb9b106003a53504007a693e94f619 wp-block-post-title has-text-color has-heading-color\"><a href=\"https:\/\/demo.bramak.mx\/demo-elearning\/courses\/motion-graphics-2\/\" target=\"_self\" >Edici\u00f3n de video<\/a><\/h2>\n\n<div style=\"font-size:0.9rem;\" class=\"has-text-align-center wp-block-post-excerpt has-text-color has-heading-color\"><p class=\"wp-block-post-excerpt__excerpt\">Crea videos incre\u00edbles con esta nueva actualizaci\u00f3n de Premier PRO<\/p><p class=\"wp-block-post-excerpt__more-text\"><a class=\"wp-block-post-excerpt__more-link\" href=\"https:\/\/demo.bramak.mx\/demo-elearning\/courses\/motion-graphics-2\/\">Empezar<\/a><\/p><\/div><\/div>\n\n<\/li><\/ul><\/div>\n\n\n\n<div class=\"wp-block-uagb-buttons uagb-buttons__outer-wrap uagb-btn__default-btn uagb-btn-tablet__default-btn uagb-btn-mobile__default-btn uagb-block-4e1cbc83\"><div class=\"uagb-buttons__wrap uagb-buttons-layout-wrap\">\n<div class=\"wp-block-uagb-buttons-child uagb-buttons__outer-wrap uagb-block-1e0c6920 wp-block-button\"><div class=\"uagb-button__wrapper\"><a class=\"uagb-buttons-repeater wp-block-button__link\" href=\"https:\/\/demo.bramak.mx\/demo-elearning\/cursos\/\" onclick=\"return true;\" rel=\"follow noopener\" target=\"_self\"><div class=\"uagb-button__link\">Ver m\u00e1s<\/div><span class=\"uagb-button__icon uagb-button__icon-position-after\"><svg xmlns=\"https:\/\/www.w3.org\/2000\/svg\" viewBox=\"0 0 448 512\"><path d=\"M438.6 278.6l-160 160C272.4 444.9 264.2 448 256 448s-16.38-3.125-22.62-9.375c-12.5-12.5-12.5-32.75 0-45.25L338.8 288H32C14.33 288 .0016 273.7 .0016 256S14.33 224 32 224h306.8l-105.4-105.4c-12.5-12.5-12.5-32.75 0-45.25s32.75-12.5 45.25 0l160 160C451.1 245.9 451.1 266.1 438.6 278.6z\"><\/path><\/svg><\/span><\/a><\/div><\/div>\n<\/div><\/div>\n<\/div><\/div>\n\n\n\n<div class=\"wp-block-uagb-container uagb-block-c1fac99e alignfull uagb-is-root-container\"><div class=\"uagb-container-inner-blocks-wrap\">\n<div class=\"wp-block-uagb-advanced-heading uagb-block-01790a05\"><h2 class=\"uagb-heading-text\">Opiniones de cursos<\/h2><p class=\"uagb-desc-text\">Nuestros alumnos hablan de sus cursos<\/p><\/div>\n\n\n\n<div class=\"wp-block-uagb-testimonial uagb-slick-carousel uagb-tm__arrow-outside uagb-block-0a3cc2bc uagb-post__carousel_notset\"><div class=\"is-carousel uagb-tm__columns-3 uagb-tm__items\"><div class=\"uagb-testimonial__wrap  uagb-tm__imgicon-style-circle uagb-tm__image-position-bottom uagb-tm__bg-type-color \"><div class=\"uagb-tm__content\"><div class=\"uagb-tm__overlay\"><\/div><div class=\"uagb-tm__text-wrap\"><div class=\"uagb-tm__desc\">I have been working with these guys for years now! With lots of hard work and timely communication, they made sure they delivered the best to me. Highly recommended!<\/div><div class=\"uagb-tm__meta-inner\"><div class=\"uagb-testimonial-details\"><span class=\"uagb-tm__author-name\">John Doe <\/span><span class=\"uagb-tm__company\">Company Name<\/span><\/div><\/div><\/div><\/div><\/div><div class=\"uagb-testimonial__wrap  uagb-tm__imgicon-style-circle uagb-tm__image-position-bottom uagb-tm__bg-type-color \"><div class=\"uagb-tm__content\"><div class=\"uagb-tm__overlay\"><\/div><div class=\"uagb-tm__text-wrap\"><div class=\"uagb-tm__desc\">I have been working with these guys since years now! With lots of hard work and timely communication they made sure they delivered the best to me. Highly recommended!<\/div><div class=\"uagb-tm__meta-inner\"><div class=\"uagb-testimonial-details\"><span class=\"uagb-tm__author-name\">John Doe<\/span><span class=\"uagb-tm__company\">Company Name<\/span><\/div><\/div><\/div><\/div><\/div><div class=\"uagb-testimonial__wrap  uagb-tm__imgicon-style-circle uagb-tm__image-position-bottom uagb-tm__bg-type-color \"><div class=\"uagb-tm__content\"><div class=\"uagb-tm__overlay\"><\/div><div class=\"uagb-tm__text-wrap\"><div class=\"uagb-tm__desc\">I have been working with these guys since years now! With lots of hard work and timely communication they made sure they delivered the best to me. Highly recommended!<\/div><div class=\"uagb-tm__meta-inner\"><div class=\"uagb-testimonial-details\"><span class=\"uagb-tm__author-name\">John Doe<\/span><span class=\"uagb-tm__company\">Company Name<\/span><\/div><\/div><\/div><\/div><\/div><\/div><\/div>\n<\/div><\/div>\n","protected":false},"excerpt":{"rendered":"<p>\u00a1Comienza tu viaje de Aprendizaje en l\u00ednea! Descubre la experiencia educativa del futuro con nuestros cursos en l\u00ednea de primera clase. Encuentra tu \u00e1rea favorita Encuentra tu curso ideal y comienza a aprender hoy mismo \u00a1Encuentra el curso que buscas \u00a1\u00danete a nosotros hoy mismo y comienza tu viaje de aprendizaje en l\u00ednea \u00a1Aprende hoy! [&hellip;]<\/p>\n","protected":false},"author":1,"featured_media":0,"parent":0,"menu_order":0,"comment_status":"closed","ping_status":"closed","template":"en-blanco","meta":{"inline_featured_image":false,"_uag_custom_page_level_css":"","_swt_meta_header_display":false,"_swt_meta_footer_display":false,"_swt_meta_site_title_display":true,"_swt_meta_sticky_header":false,"_swt_meta_transparent_header":false,"footnotes":""},"class_list":["post-6","page","type-page","status-publish","hentry"],"uagb_featured_image_src":{"full":false,"thumbnail":false,"medium":false,"medium_large":false,"large":false,"1536x1536":false,"2048x2048":false,"woocommerce_thumbnail":false,"woocommerce_single":false,"woocommerce_gallery_thumbnail":false,"dgwt-wcas-product-suggestion":false},"uagb_author_info":{"display_name":"Bramak Studio","author_link":"https:\/\/demo.bramak.mx\/demo-elearning\/author\/emendoza\/"},"uagb_comment_info":0,"uagb_excerpt":"\u00a1Comienza tu viaje de Aprendizaje en l\u00ednea! Descubre la experiencia educativa del futuro con nuestros cursos en l\u00ednea de primera clase. Encuentra tu \u00e1rea favorita Encuentra tu curso ideal y comienza a aprender hoy mismo \u00a1Encuentra el curso que buscas \u00a1\u00danete a nosotros hoy mismo y comienza tu viaje de aprendizaje en l\u00ednea \u00a1Aprende hoy!&hellip;","_links":{"self":[{"href":"https:\/\/demo.bramak.mx\/demo-elearning\/wp-json\/wp\/v2\/pages\/6","targetHints":{"allow":["GET"]}}],"collection":[{"href":"https:\/\/demo.bramak.mx\/demo-elearning\/wp-json\/wp\/v2\/pages"}],"about":[{"href":"https:\/\/demo.bramak.mx\/demo-elearning\/wp-json\/wp\/v2\/types\/page"}],"author":[{"embeddable":true,"href":"https:\/\/demo.bramak.mx\/demo-elearning\/wp-json\/wp\/v2\/users\/1"}],"replies":[{"embeddable":true,"href":"https:\/\/demo.bramak.mx\/demo-elearning\/wp-json\/wp\/v2\/comments?post=6"}],"version-history":[{"count":49,"href":"https:\/\/demo.bramak.mx\/demo-elearning\/wp-json\/wp\/v2\/pages\/6\/revisions"}],"predecessor-version":[{"id":315,"href":"https:\/\/demo.bramak.mx\/demo-elearning\/wp-json\/wp\/v2\/pages\/6\/revisions\/315"}],"wp:attachment":[{"href":"https:\/\/demo.bramak.mx\/demo-elearning\/wp-json\/wp\/v2\/media?parent=6"}],"curies":[{"name":"wp","href":"https:\/\/api.w.org\/{rel}","templated":true}]}}